{"id":34,"date":"2025-01-24T15:40:20","date_gmt":"2025-01-24T14:40:20","guid":{"rendered":"https:\/\/www.beret-druzstvo.cz\/?page_id=34"},"modified":"2025-01-29T12:28:57","modified_gmt":"2025-01-29T11:28:57","slug":"uvodni-stranka","status":"publish","type":"page","link":"https:\/\/www.beret-druzstvo.cz\/","title":{"rendered":"Info"},"content":{"rendered":"\n<p><strong>Bytov\u00e9 dru\u017estvo Beret<\/strong><br>I\u010cO: 64651746<\/p>\n\n\n\n<p>Adresa:<br>\u010cajkovsk\u00e9ho 1672\/24<br>130 00 Praha 3<\/p>\n\n\n\n<p>Datov\u00e1 schr\u00e1nka: s2fzxay<\/p>\n\n\n\n<p>Kontakt na spr\u00e1vce: <a href=\"mailto:cajkovskeho1672@gmail.com\">cajkovskeho1672@gmail.com<\/a><\/p>\n\n\n\n<p><\/p>\n","protected":false},"excerpt":{"rendered":"<p>Bytov\u00e9 dru\u017estvo BeretI\u010cO: 64651746 Adresa:\u010cajkovsk\u00e9ho 1672\/24130 00 Praha 3 Datov\u00e1 schr\u00e1nka: s2fzxay Kontakt na spr\u00e1vce: cajkovskeho1672@gmail.com<\/p>\n","protected":false},"author":1,"featured_media":0,"parent":0,"menu_order":0,"comment_status":"closed","ping_status":"closed","template":"","meta":{"footnotes":""},"class_list":["post-34","page","type-page","status-publish","hentry"],"_links":{"self":[{"href":"https:\/\/www.beret-druzstvo.cz\/index.php?rest_route=\/wp\/v2\/pages\/34","targetHints":{"allow":["GET"]}}],"collection":[{"href":"https:\/\/www.beret-druzstvo.cz\/index.php?rest_route=\/wp\/v2\/pages"}],"about":[{"href":"https:\/\/www.beret-druzstvo.cz\/index.php?rest_route=\/wp\/v2\/types\/page"}],"author":[{"embeddable":true,"href":"https:\/\/www.beret-druzstvo.cz\/index.php?rest_route=\/wp\/v2\/users\/1"}],"replies":[{"embeddable":true,"href":"https:\/\/www.beret-druzstvo.cz\/index.php?rest_route=%2Fwp%2Fv2%2Fcomments&post=34"}],"version-history":[{"count":4,"href":"https:\/\/www.beret-druzstvo.cz\/index.php?rest_route=\/wp\/v2\/pages\/34\/revisions"}],"predecessor-version":[{"id":47,"href":"https:\/\/www.beret-druzstvo.cz\/index.php?rest_route=\/wp\/v2\/pages\/34\/revisions\/47"}],"wp:attachment":[{"href":"https:\/\/www.beret-druzstvo.cz\/index.php?rest_route=%2Fwp%2Fv2%2Fmedia&parent=34"}],"curies":[{"name":"wp","href":"https:\/\/api.w.org\/{rel}","templated":true}]}}